{"id":331,"date":"2011-04-06T14:27:56","date_gmt":"2011-04-06T12:27:56","guid":{"rendered":"http:\/\/taalkunstenares.eu\/"},"modified":"2023-07-31T14:18:15","modified_gmt":"2023-07-31T12:18:15","slug":"unterrichtniederlandisch","status":"publish","type":"page","link":"http:\/\/taalkunstenares.eu\/nl\/unterrichtniederlandisch\/","title":{"rendered":"Unterricht\/NL"},"content":{"rendered":"<p><strong><img loading=\"lazy\" decoding=\"async\" class=\" wp-image-649 alignright\" src=\"http:\/\/taalkunstenares.eu\/wp-content\/uploads\/2011\/04\/niederland.jpg\" alt=\"\" width=\"254\" height=\"169\" srcset=\"http:\/\/taalkunstenares.eu\/wp-content\/uploads\/2011\/04\/niederland.jpg 400w, http:\/\/taalkunstenares.eu\/wp-content\/uploads\/2011\/04\/niederland-300x200.jpg 300w\" sizes=\"auto, (max-width: 254px) 100vw, 254px\" \/>Meine Qualifikation:<\/strong><br \/>\n-moedertalen Duits en Nederlands<br \/>\n-cursussen Nederlands (individuele en groepscursussen) aan: VHS Bamberg, VHS Forchheim, EURO-School Bamberg, ASCO Coburg, Institut f\u00fcr Sprache und Kommunikation (IKS) N\u00fcrnberg en talenschool Eifert Frankfurt\/Erlangen<br \/>\n-Voordrachten over Nederland<\/p>\n<p>Nederlands de officiel\u00eb taal is in<\/p>\n<p><a title=\"Aruba\" href=\"http:\/\/de.wikipedia.org\/w\/index.php?title=Datei:Flag_of_Aruba.svg&amp;filetimestamp=20100103161825\"><img loading=\"lazy\" decoding=\"async\" src=\"http:\/\/upload.wikimedia.org\/wikipedia\/commons\/thumb\/f\/f6\/Flag_of_Aruba.svg\/20px-Flag_of_Aruba.svg.png\" alt=\"Aruba\" width=\"20\" height=\"13\"\/><\/a> Aruba<br \/>\n<a title=\"Belgien\" href=\"http:\/\/de.wikipedia.org\/w\/index.php?title=Datei:Flag_of_Belgium_%28civil%29.svg&amp;filetimestamp=20100309064810\"><img loading=\"lazy\" decoding=\"async\" src=\"http:\/\/upload.wikimedia.org\/wikipedia\/commons\/thumb\/9\/92\/Flag_of_Belgium_%28civil%29.svg\/20px-Flag_of_Belgium_%28civil%29.svg.png\" alt=\"Belgien\" width=\"20\" height=\"13\"\/><\/a> Belgi\u00eb<br \/>\n<a title=\"Bonaire\" href=\"http:\/\/de.wikipedia.org\/w\/index.php?title=Datei:Flag_of_Bonaire.svg&amp;filetimestamp=20100603023103\"><img loading=\"lazy\" decoding=\"async\" src=\"http:\/\/upload.wikimedia.org\/wikipedia\/commons\/thumb\/1\/1e\/Flag_of_Bonaire.svg\/20px-Flag_of_Bonaire.svg.png\" alt=\"Bonaire\" width=\"20\" height=\"13\"\/><\/a> Bonaire<br \/>\n<a title=\"Cura\u00e7ao\" href=\"http:\/\/de.wikipedia.org\/w\/index.php?title=Datei:Flag_of_Cura%C3%A7ao.svg&amp;filetimestamp=20080912055855\"><img loading=\"lazy\" decoding=\"async\" src=\"http:\/\/upload.wikimedia.org\/wikipedia\/commons\/thumb\/b\/b1\/Flag_of_Cura%C3%A7ao.svg\/20px-Flag_of_Cura%C3%A7ao.svg.png\" alt=\"Cura\u00e7ao\" width=\"20\" height=\"13\"\/><\/a> Cura\u00e7ao<br \/>\n<a title=\"Niederlande\" href=\"http:\/\/de.wikipedia.org\/w\/index.php?title=Datei:Flag_of_the_Netherlands.svg&amp;filetimestamp=20100406171959\"><img loading=\"lazy\" decoding=\"async\" src=\"http:\/\/upload.wikimedia.org\/wikipedia\/commons\/thumb\/2\/20\/Flag_of_the_Netherlands.svg\/20px-Flag_of_the_Netherlands.svg.png\" alt=\"Niederlande\" width=\"20\" height=\"13\"\/><\/a> Nederland<br \/>\n<a title=\"Saba\" href=\"http:\/\/de.wikipedia.org\/w\/index.php?title=Datei:Flag_of_Saba.svg&amp;filetimestamp=20060212033611\"><img loading=\"lazy\" decoding=\"async\" src=\"http:\/\/upload.wikimedia.org\/wikipedia\/commons\/thumb\/5\/5a\/Flag_of_Saba.svg\/20px-Flag_of_Saba.svg.png\" alt=\"Saba\" width=\"20\" height=\"13\"\/><\/a> Saba<br \/>\n<a title=\"Sint Eustatius\" href=\"http:\/\/de.wikipedia.org\/w\/index.php?title=Datei:Flag_of_Sint_Eustatius.svg&amp;filetimestamp=20100714182846\"><img loading=\"lazy\" decoding=\"async\" src=\"http:\/\/upload.wikimedia.org\/wikipedia\/commons\/thumb\/0\/08\/Flag_of_Sint_Eustatius.svg\/20px-Flag_of_Sint_Eustatius.svg.png\" alt=\"Sint Eustatius\" width=\"20\" height=\"13\"\/><\/a> Sint Eustatius<br \/>\n<a title=\"Sint Maarten\" href=\"http:\/\/de.wikipedia.org\/w\/index.php?title=Datei:Flag_of_Sint_Maarten.svg&amp;filetimestamp=20100106224342\"><img loading=\"lazy\" decoding=\"async\" src=\"http:\/\/upload.wikimedia.org\/wikipedia\/commons\/thumb\/d\/d3\/Flag_of_Sint_Maarten.svg\/20px-Flag_of_Sint_Maarten.svg.png\" alt=\"Sint Maarten\" width=\"20\" height=\"13\"\/><\/a> Sint Maarten<br \/>\n<a title=\"Suriname\" href=\"http:\/\/de.wikipedia.org\/w\/index.php?title=Datei:Flag_of_Suriname.svg&amp;filetimestamp=20110204174129\"><img loading=\"lazy\" decoding=\"async\" src=\"http:\/\/upload.wikimedia.org\/wikipedia\/commons\/thumb\/6\/60\/Flag_of_Suriname.svg\/20px-Flag_of_Suriname.svg.png\" alt=\"Suriname\" width=\"20\" height=\"13\"\/><\/a> Suriname<\/p>\n<p><strong>Leer ook Nederlands<\/strong>&nbsp;&#8211; hartelijke groeten, <em>Anneke Groot<\/em><br \/>\nMail: taalkunstenares (at) yahoo (dot) de<\/p>\n","protected":false},"excerpt":{"rendered":"<p>Meine Qualifikation: -moedertalen Duits en Nederlands -cursussen Nederlands (individuele en groepscursussen) aan: VHS Bamberg, VHS Forchheim, EURO-School Bamberg, ASCO Coburg, Institut f\u00fcr Sprache und Kommunikation (IKS) N\u00fcrnberg en talenschool Eifert Frankfurt\/Erlangen -Voordrachten over Nederland Nederlands de officiel\u00eb taal is in Aruba Belgi\u00eb Bonaire Cura\u00e7ao Nederland Saba Sint Eustatius Sint Maarten Suriname Leer ook Nederlands&nbsp;&#8211; hartelijke [&hellip;]<\/p>\n","protected":false},"author":3,"featured_media":0,"parent":0,"menu_order":0,"comment_status":"closed","ping_status":"open","template":"","meta":{"ngg_post_thumbnail":0,"footnotes":""},"class_list":["post-331","page","type-page","status-publish","entry"],"translation":{"provider":"WPGlobus","version":"2.12.2","language":"nl","enabled_languages":["de","nl"],"languages":{"de":{"title":true,"content":true,"excerpt":false},"nl":{"title":false,"content":true,"excerpt":false}}},"_links":{"self":[{"href":"http:\/\/taalkunstenares.eu\/nl\/wp-json\/wp\/v2\/pages\/331","targetHints":{"allow":["GET"]}}],"collection":[{"href":"http:\/\/taalkunstenares.eu\/nl\/wp-json\/wp\/v2\/pages"}],"about":[{"href":"http:\/\/taalkunstenares.eu\/nl\/wp-json\/wp\/v2\/types\/page"}],"author":[{"embeddable":true,"href":"http:\/\/taalkunstenares.eu\/nl\/wp-json\/wp\/v2\/users\/3"}],"replies":[{"embeddable":true,"href":"http:\/\/taalkunstenares.eu\/nl\/wp-json\/wp\/v2\/comments?post=331"}],"version-history":[{"count":32,"href":"http:\/\/taalkunstenares.eu\/nl\/wp-json\/wp\/v2\/pages\/331\/revisions"}],"predecessor-version":[{"id":753,"href":"http:\/\/taalkunstenares.eu\/nl\/wp-json\/wp\/v2\/pages\/331\/revisions\/753"}],"wp:attachment":[{"href":"http:\/\/taalkunstenares.eu\/nl\/wp-json\/wp\/v2\/media?parent=331"}],"curies":[{"name":"wp","href":"https:\/\/api.w.org\/{rel}","templated":true}]}}