{"id":254,"date":"2011-01-21T09:39:45","date_gmt":"2011-01-21T07:39:45","guid":{"rendered":"http:\/\/taalkunstenares.eu\/"},"modified":"2023-07-31T14:18:15","modified_gmt":"2023-07-31T12:18:15","slug":"taalkunstenares","status":"publish","type":"page","link":"http:\/\/taalkunstenares.eu\/nl\/","title":{"rendered":"taalkunstenares"},"content":{"rendered":"<p style=\"text-align: center;\"><img loading=\"lazy\" decoding=\"async\" class=\"aligncenter wp-image-643 \" src=\"http:\/\/taalkunstenares.eu\/wp-content\/uploads\/2011\/01\/anneke_start-1024x470.jpg\" alt=\"\" height=\"337\" width=\"734\" srcset=\"http:\/\/taalkunstenares.eu\/wp-content\/uploads\/2011\/01\/anneke_start-1024x470.jpg 1024w, http:\/\/taalkunstenares.eu\/wp-content\/uploads\/2011\/01\/anneke_start-300x138.jpg 300w, http:\/\/taalkunstenares.eu\/wp-content\/uploads\/2011\/01\/anneke_start-768x353.jpg 768w, http:\/\/taalkunstenares.eu\/wp-content\/uploads\/2011\/01\/anneke_start.jpg 1450w\" sizes=\"auto, (max-width: 734px) 100vw, 734px\" \/><\/p>\n<p style=\"text-align: center;\"><strong><br \/>\nWer gerne Info zu unserem Projekt haben<br \/>\noder eine Anfrage senden m\u00f6chte,<br \/>\nkann uns gerne kontaktieren: <a href=\"http:\/\/webmail.fragmente-literatur.de\/index.php?load=compose_email&amp;handler=core&amp;PHPSESSID=9179537c5747ee8e5668929a32f45c04&amp;to=taalkunstenares@yahoo.de&amp;subj=\" target=\"_blank\" rel=\"noopener\">taalkunstenares@yahoo.de<\/a><\/strong><\/p>\n<p style=\"text-align: center;\">Es gr\u00fc\u00dft Sie herzlich<em><br \/>\nAnneke Groot<\/em><\/p>\n<p style=\"text-align: center;\">&nbsp;<\/p>\n","protected":false},"excerpt":{"rendered":"<p>Wer gerne Info zu unserem Projekt haben oder eine Anfrage senden m\u00f6chte, kann uns gerne kontaktieren: taalkunstenares@yahoo.de Es gr\u00fc\u00dft Sie herzlich Anneke Groot &nbsp;<\/p>\n","protected":false},"author":3,"featured_media":0,"parent":0,"menu_order":0,"comment_status":"closed","ping_status":"open","template":"","meta":{"ngg_post_thumbnail":0,"footnotes":""},"class_list":["post-254","page","type-page","status-publish","entry"],"translation":{"provider":"WPGlobus","version":"2.12.2","language":"nl","enabled_languages":["de","nl"],"languages":{"de":{"title":true,"content":true,"excerpt":false},"nl":{"title":false,"content":true,"excerpt":false}}},"_links":{"self":[{"href":"http:\/\/taalkunstenares.eu\/nl\/wp-json\/wp\/v2\/pages\/254","targetHints":{"allow":["GET"]}}],"collection":[{"href":"http:\/\/taalkunstenares.eu\/nl\/wp-json\/wp\/v2\/pages"}],"about":[{"href":"http:\/\/taalkunstenares.eu\/nl\/wp-json\/wp\/v2\/types\/page"}],"author":[{"embeddable":true,"href":"http:\/\/taalkunstenares.eu\/nl\/wp-json\/wp\/v2\/users\/3"}],"replies":[{"embeddable":true,"href":"http:\/\/taalkunstenares.eu\/nl\/wp-json\/wp\/v2\/comments?post=254"}],"version-history":[{"count":42,"href":"http:\/\/taalkunstenares.eu\/nl\/wp-json\/wp\/v2\/pages\/254\/revisions"}],"predecessor-version":[{"id":767,"href":"http:\/\/taalkunstenares.eu\/nl\/wp-json\/wp\/v2\/pages\/254\/revisions\/767"}],"wp:attachment":[{"href":"http:\/\/taalkunstenares.eu\/nl\/wp-json\/wp\/v2\/media?parent=254"}],"curies":[{"name":"wp","href":"https:\/\/api.w.org\/{rel}","templated":true}]}}