{"id":24,"date":"2009-06-26T17:18:59","date_gmt":"2009-06-26T15:18:59","guid":{"rendered":"http:\/\/taalkunstenares.eu\/?page_id=24"},"modified":"2023-07-31T14:18:15","modified_gmt":"2023-07-31T12:18:15","slug":"preise-und-kontakt","status":"publish","type":"page","link":"http:\/\/taalkunstenares.eu\/nl\/preise-und-kontakt\/","title":{"rendered":"\u00dcbersetzungen\/EN-DE-NL"},"content":{"rendered":"<p>[de]<br \/>\nM\u00f6gen Sie die schnelle und kompetente \u00dcbersetzung Ihrer Schriftst\u00fccke? Vorzugsweise<\/p>\n<p><strong>Englisch &#8211; Deutsch<br \/>\nNiederl\u00e4ndisch &#8211; Deutsch<br \/>\nDeutsch &#8211; Niederl\u00e4ndisch<\/strong><\/p>\n<p>Gerne erstelle ich Ihnen ein unverbindliches Angebot, bitte senden Sie mir dazu eine Mail an: taalkunstenares(at)yahoo.de<img loading=\"lazy\" decoding=\"async\" class=\"aligncenter size-full wp-image-676\" src=\"http:\/\/taalkunstenares.eu\/wp-content\/uploads\/2009\/06\/schild.jpg\" alt=\"\" height=\"317\" width=\"604\" srcset=\"http:\/\/taalkunstenares.eu\/wp-content\/uploads\/2009\/06\/schild.jpg 604w, http:\/\/taalkunstenares.eu\/wp-content\/uploads\/2009\/06\/schild-300x157.jpg 300w\" sizes=\"auto, (max-width: 604px) 100vw, 604px\" \/><\/p>\n<p>Gute \u00dcbersetzungen sind keine Gl\u00fcckssache[\/de]<\/p>\n","protected":false},"excerpt":{"rendered":"<p>[de] M\u00f6gen Sie die schnelle und kompetente \u00dcbersetzung Ihrer Schriftst\u00fccke? Vorzugsweise Englisch &#8211; Deutsch Niederl\u00e4ndisch &#8211; Deutsch Deutsch &#8211; Niederl\u00e4ndisch Gerne erstelle ich Ihnen ein unverbindliches Angebot, bitte senden Sie mir dazu eine Mail an: taalkunstenares(at)yahoo.de Gute \u00dcbersetzungen sind keine Gl\u00fcckssache[\/de]<\/p>\n","protected":false},"author":1,"featured_media":0,"parent":0,"menu_order":7,"comment_status":"closed","ping_status":"closed","template":"","meta":{"ngg_post_thumbnail":0,"footnotes":""},"class_list":["post-24","page","type-page","status-publish","entry"],"translation":{"provider":"WPGlobus","version":"2.12.2","language":"nl","enabled_languages":["de","nl"],"languages":{"de":{"title":true,"content":true,"excerpt":false},"nl":{"title":false,"content":false,"excerpt":false}}},"_links":{"self":[{"href":"http:\/\/taalkunstenares.eu\/nl\/wp-json\/wp\/v2\/pages\/24","targetHints":{"allow":["GET"]}}],"collection":[{"href":"http:\/\/taalkunstenares.eu\/nl\/wp-json\/wp\/v2\/pages"}],"about":[{"href":"http:\/\/taalkunstenares.eu\/nl\/wp-json\/wp\/v2\/types\/page"}],"author":[{"embeddable":true,"href":"http:\/\/taalkunstenares.eu\/nl\/wp-json\/wp\/v2\/users\/1"}],"replies":[{"embeddable":true,"href":"http:\/\/taalkunstenares.eu\/nl\/wp-json\/wp\/v2\/comments?post=24"}],"version-history":[{"count":24,"href":"http:\/\/taalkunstenares.eu\/nl\/wp-json\/wp\/v2\/pages\/24\/revisions"}],"predecessor-version":[{"id":677,"href":"http:\/\/taalkunstenares.eu\/nl\/wp-json\/wp\/v2\/pages\/24\/revisions\/677"}],"wp:attachment":[{"href":"http:\/\/taalkunstenares.eu\/nl\/wp-json\/wp\/v2\/media?parent=24"}],"curies":[{"name":"wp","href":"https:\/\/api.w.org\/{rel}","templated":true}]}}